{"id":4220,"date":"2019-12-16T10:48:10","date_gmt":"2019-12-16T09:48:10","guid":{"rendered":"http:\/\/radio.chck.pl\/?page_id=4220"},"modified":"2019-12-16T10:53:58","modified_gmt":"2019-12-16T09:53:58","slug":"kiedys-to-bylo","status":"publish","type":"page","link":"http:\/\/radio.chck.pl\/index.php\/kiedys-to-bylo\/","title":{"rendered":"Kiedy\u015b to by\u0142o &#8230;"},"content":{"rendered":"[vc_row 0=&#8221;&#8221;][vc_column][vc_column_text 0=&#8221;&#8221;]<p><\/p>\n<p>&#8220;Kiedy\u015b to by\u0142o&#8230;&#8221; to audycja, w kt\u00f3rej bierzemy na tapet r\u00f3\u017cne tematy, zderzaj\u0105c perspektyw\u0119 30 i 60-latka. Szczerze, bezkompromisowo, bez tabu i kurtuazji.<br \/>Rozmawiaj\u0105 Piotr Biernat i Jan Skupi\u0144ski<\/p>\n<p><\/p>\n<p><\/p>\n<p>&nbsp;<\/p>\n<p><\/p>[\/vc_column_text][\/vc_column][\/vc_row][vc_row][vc_column][vc_basic_grid post_type=&#8221;post&#8221; max_items=&#8221;9&#8243; grid_id=&#8221;vc_gid:1576489980619-d1c811eff6db8ae72fc2f2e5f41589ef-9&#8243; taxonomies=&#8221;207&#8243;][\/vc_column][\/vc_row]","protected":false},"excerpt":{"rendered":"<p>[vc_row 0=&#8221;&#8221;][vc_column][vc_column_text 0=&#8221;&#8221;] &#8220;Kiedy\u015b to by\u0142o&#8230;&#8221; to audycja, w kt\u00f3rej bierzemy na tapet r\u00f3\u017cne tematy, zderzaj\u0105c perspektyw\u0119 30 i 60-latka. Szczerze, bezkompromisowo, bez tabu i kurtuazji.Rozmawiaj\u0105 Piotr Biernat i Jan Skupi\u0144ski &nbsp; [\/vc_column_text][\/vc_column][\/vc_row][vc_row][vc_column][vc_basic_grid post_type=&#8221;post&#8221; max_items=&#8221;9&#8243; grid_id=&#8221;vc_gid:1576489980619-d1c811eff6db8ae72fc2f2e5f41589ef-9&#8243; taxonomies=&#8221;207&#8243;][\/vc_column][\/vc_row]<\/p>\n","protected":false},"author":1,"featured_media":4052,"parent":0,"menu_order":0,"comment_status":"closed","ping_status":"closed","template":"","meta":[],"_links":{"self":[{"href":"http:\/\/radio.chck.pl\/index.php\/wp-json\/wp\/v2\/pages\/4220"}],"collection":[{"href":"http:\/\/radio.chck.pl\/index.php\/wp-json\/wp\/v2\/pages"}],"about":[{"href":"http:\/\/radio.chck.pl\/index.php\/wp-json\/wp\/v2\/types\/page"}],"author":[{"embeddable":true,"href":"http:\/\/radio.chck.pl\/index.php\/wp-json\/wp\/v2\/users\/1"}],"replies":[{"embeddable":true,"href":"http:\/\/radio.chck.pl\/index.php\/wp-json\/wp\/v2\/comments?post=4220"}],"version-history":[{"count":3,"href":"http:\/\/radio.chck.pl\/index.php\/wp-json\/wp\/v2\/pages\/4220\/revisions"}],"predecessor-version":[{"id":4227,"href":"http:\/\/radio.chck.pl\/index.php\/wp-json\/wp\/v2\/pages\/4220\/revisions\/4227"}],"wp:featuredmedia":[{"embeddable":true,"href":"http:\/\/radio.chck.pl\/index.php\/wp-json\/wp\/v2\/media\/4052"}],"wp:attachment":[{"href":"http:\/\/radio.chck.pl\/index.php\/wp-json\/wp\/v2\/media?parent=4220"}],"curies":[{"name":"wp","href":"https:\/\/api.w.org\/{rel}","templated":true}]}}