{"id":3782,"date":"2019-09-11T10:31:21","date_gmt":"2019-09-11T08:31:21","guid":{"rendered":"http:\/\/radio.chck.pl\/?page_id=3782"},"modified":"2019-10-21T09:41:58","modified_gmt":"2019-10-21T07:41:58","slug":"sztuka-omowiona","status":"publish","type":"page","link":"http:\/\/radio.chck.pl\/index.php\/sztuka-omowiona\/","title":{"rendered":"SZTUKA oM\u00d3WIONA"},"content":{"rendered":"<p>[vc_row][vc_column 0=&#8221;&#8221;][vc_column_text]<\/p>\n\n\n<p><\/p>\n\n\n\n<p><strong>SZTUKA oM\u00d3WIONA&nbsp; <\/strong>to<strong> <\/strong>spotkania z artystami &nbsp;kt\u00f3rzy &nbsp;opowiadaj\u0105 o sztuce, o konkretnym arty\u015bcie, wystawie, nurcie czy&nbsp; zjawisku. <\/p>\n\n\n<p>[\/vc_column_text][\/vc_column][\/vc_row][vc_row 0=&#8221;&#8221;][vc_column 0=&#8221;&#8221;][vc_basic_grid post_type=&#8221;post&#8221; max_items=&#8221;9&#8243; grid_id=&#8221;vc_gid:1568198734657-989c329b080615834fa18bf85495bfec-0&#8243; taxonomies=&#8221;196&#8243;][\/vc_column][\/vc_row]<\/p>","protected":false},"excerpt":{"rendered":"<p>[vc_row][vc_column 0=&#8221;&#8221;][vc_column_text] SZTUKA oM\u00d3WIONA&nbsp; to spotkania z artystami &nbsp;kt\u00f3rzy &nbsp;opowiadaj\u0105 o sztuce, o konkretnym arty\u015bcie, wystawie, nurcie czy&nbsp; zjawisku. [\/vc_column_text][\/vc_column][\/vc_row][vc_row 0=&#8221;&#8221;][vc_column 0=&#8221;&#8221;][vc_basic_grid post_type=&#8221;post&#8221; max_items=&#8221;9&#8243; grid_id=&#8221;vc_gid:1568198734657-989c329b080615834fa18bf85495bfec-0&#8243; taxonomies=&#8221;196&#8243;][\/vc_column][\/vc_row]<\/p>\n","protected":false},"author":1,"featured_media":0,"parent":0,"menu_order":0,"comment_status":"closed","ping_status":"closed","template":"","meta":[],"_links":{"self":[{"href":"http:\/\/radio.chck.pl\/index.php\/wp-json\/wp\/v2\/pages\/3782"}],"collection":[{"href":"http:\/\/radio.chck.pl\/index.php\/wp-json\/wp\/v2\/pages"}],"about":[{"href":"http:\/\/radio.chck.pl\/index.php\/wp-json\/wp\/v2\/types\/page"}],"author":[{"embeddable":true,"href":"http:\/\/radio.chck.pl\/index.php\/wp-json\/wp\/v2\/users\/1"}],"replies":[{"embeddable":true,"href":"http:\/\/radio.chck.pl\/index.php\/wp-json\/wp\/v2\/comments?post=3782"}],"version-history":[{"count":7,"href":"http:\/\/radio.chck.pl\/index.php\/wp-json\/wp\/v2\/pages\/3782\/revisions"}],"predecessor-version":[{"id":4054,"href":"http:\/\/radio.chck.pl\/index.php\/wp-json\/wp\/v2\/pages\/3782\/revisions\/4054"}],"wp:attachment":[{"href":"http:\/\/radio.chck.pl\/index.php\/wp-json\/wp\/v2\/media?parent=3782"}],"curies":[{"name":"wp","href":"https:\/\/api.w.org\/{rel}","templated":true}]}}